{"id":775,"date":"2024-02-12T13:29:46","date_gmt":"2024-02-12T12:29:46","guid":{"rendered":"https:\/\/rural-ya.com\/?page_id=775"},"modified":"2024-06-25T13:07:15","modified_gmt":"2024-06-25T11:07:15","slug":"reservar_higuera","status":"publish","type":"page","link":"https:\/\/rural-ya.com\/index.php\/es\/reservar_higuera\/","title":{"rendered":"Reservar_higuera"},"content":{"rendered":"<div class=\"kt-infobox-textcontent\">\n<h2 class=\"kt-blocks-info-box-title\" style=\"text-align: center;\"><a href=\"https:\/\/rural-ya.com\/index.php\/higueras-home\/\">Higuera\u2019s Home<\/a><\/h2>\n<\/div>\n<p style=\"text-align: center;\">Marque sobre el calendario cada d\u00eda que desea reservar (quedar\u00e1n marcados en GRIS OSCURO)<\/p>\n<p style=\"text-align: center;\"><strong>ENTRADA<\/strong>: De 14:00 a 23:00 (del primer d\u00eda seleccionado)<br \/><strong>SALIDA<\/strong>: Hasta las 12:00 (del d\u00eda posterior al \u00faltimo seleccionado)<\/p>\n\n\n<div class=\"wp-block-columns is-layout-flex wp-container-core-columns-layout-1 wp-block-columns-is-layout-flex\">\n<div class=\"wp-block-column is-layout-flow wp-block-column-is-layout-flow\"><\/div>\n\n\n\n<div class=\"wp-block-column has-theme-palette-7-background-color has-background is-layout-flow wp-block-column-is-layout-flow\">\n<p class=\"has-text-align-center\">Las tarifas de nuestros alojamientos dependen de diversos factores, la temporada (alta o baja), la duraci\u00f3n de la estancia, hay descuentos por larga duraci\u00f3n y el n\u00famero de hu\u00e9spedes. <br><strong>Precios desde 50\u20ac.<\/strong><br>Le invitamos a <a href=\"https:\/\/rural-ya.com\/index.php\/es\/contact\/\" title=\"Contacto\">contactarnos <\/a>sin compromiso para una cotizaci\u00f3n\u00a0personalizada.<\/p>\n<\/div>\n\n\n\n<div class=\"wp-block-column is-layout-flow wp-block-column-is-layout-flow\"><\/div>\n<\/div>\n\n\n\n<div class=\"wp-block-columns is-layout-flex wp-container-core-columns-layout-2 wp-block-columns-is-layout-flex\">\n<div class=\"wp-block-column is-layout-flow wp-block-column-is-layout-flow\" style=\"flex-basis:5%\"><\/div>\n\n\n\n<div class=\"wp-block-column is-layout-flow wp-block-column-is-layout-flow\" style=\"flex-basis:90%\">\n<div class=\"wp-block-booking-booking\"> <div id=\"form_id435818717950\"  class=\"wpbc_container wpbc_container_booking_form  wpdevelop \" ><form  id=\"booking_form2\"   class=\"booking_form vertical\" method=\"post\" action=\"\"><div id=\"ajax_respond_insert2\" class=\"ajax_respond_insert\" style=\"display:none;\"><\/div><a name=\"bklnk2\" id=\"bklnk2\"><\/a><div id=\"booking_form_div2\" class=\"booking_form_div\"><div class=\"wpbc_booking_form_structure wpbc_form_right\">\n  <div class=\"wpbc_structure_calendar\">\n    <div class=\"wpbc_calendar_wraper wpbc_change_over_triangle\"><div class=\"bk_calendar_frame wpbc_no_custom_width  months_num_in_row_ cal_month_num_2\" style=\"\"><div id=\"calendar_booking2\">Cargando Calendario...<\/div><\/div><textarea id=\"date_booking2\" name=\"date_booking2\" autocomplete=\"off\" style=\"display:none;\"><\/textarea><div class=\"block_hints datepick \"><div class=\"wpdev_hint_with_text\"><div class=\"block_free datepick-days-cell\"><a>&nbsp;<\/a><\/div><div class=\"block_text\">- <\/div><div class=\"block_text\">Disponible<\/div><\/div><div class=\"wpdev_hint_with_text\"><div class=\"block_booked date_approved\">&nbsp;<\/div><div class=\"block_text\">- <\/div><div class=\"block_text\">Reservado<\/div><\/div><div class=\"wpdev_hint_with_text\"><div class=\"block_pending date2approve\">&nbsp;<\/div><div class=\"block_text\">- <\/div><div class=\"block_text\">Pendiente<\/div><\/div><\/div><\/div>\n  <\/div>\n  <div class=\"wpbc_structure_form\">\n     <p>Nombre y apellidos*:<br \/><span class=\"wpbc_wrap_text wpdev-form-control-wrap name2\"><input type=\"text\" name=\"name2\" value=\"\" autocomplete=\"name\" class=\"wpdev-validates-as-required\" size=\"40\" \/><\/span><\/p>\n     <p>Email*:<br \/><span class=\"wpbc_wrap_text wpdev-form-control-wrap email2\"><input type=\"text\" name=\"email2\" value=\"\" autocomplete=\"email\" class=\"wpdev-validates-as-email wpdev-validates-as-required\" size=\"40\" \/><\/span><\/p>\n     <p>N\u00ba de Personas*:<br \/><span class=\"wpbc_wrap_select wpdev-form-control-wrap visitors2\"><select onchange=\"javascript:if(typeof( showCostHintInsideBkForm ) == 'function') {  showCostHintInsideBkForm(2);}\" name=\"visitors2\" autocomplete=\"visitors\" class=\"wpdev-validates-as-required\"><option value=\"1\">1<\/option><option value=\"2\">2<\/option><option value=\"3\">3<\/option><option value=\"4\">4<\/option><\/select><\/span><\/p>\n     <p>Tel\u00e9fono*:<br \/><span class=\"wpbc_wrap_text wpdev-form-control-wrap phone2\"><input type=\"text\" name=\"phone2\" value=\"\" autocomplete=\"phone\" class=\"wpdev-validates-as-required\" size=\"40\" \/><\/span><\/p>\n     <p>Comentarios:<br \/><span class=\"wpbc_wrap_textarea wpdev-form-control-wrap details2\"><textarea name=\"details2\" autocomplete=\"details\"><\/textarea><\/span><\/p>\n     <p><\/p>\n     <p><input type=\"button\" value=\"Solicitar reserva\" class=\"wpbc_button_light btn\" onclick=\"mybooking_submit(this.form,2, 'es_ES' );\" \/><img decoding=\"async\" class=\"ajax-loader\"  style=\"vertical-align:middle;box-shadow:none;width:14px;visibility: hidden;\" alt=\"ajax loader\" src=\"https:\/\/rural-ya.com\/wp-content\/plugins\/booking.personal.10.0\/assets\/img\/ajax-loader.gif\" \/><\/p>\n  <\/div>\n<\/div>\n<div class=\"wpbc_booking_form_footer\"><\/div><input id=\"bk_type2\" name=\"bk_type2\" class=\"\" type=\"hidden\" value=\"2\" \/><\/div><div id=\"submiting2\"><\/div><div class=\"form_bk_messages\" id=\"form_bk_messages2\" ><\/div><input type=\"hidden\" id=\"wpbc_nonceCALCULATE_THE_COST2\" name=\"wpbc_nonceCALCULATE_THE_COST2\" value=\"3059d0b578\" \/><input type=\"hidden\" name=\"_wp_http_referer\" value=\"\/index.php\/wp-json\/wp\/v2\/pages\/775\" \/><\/form><\/div><div id=\"booking_form_garbage2\" class=\"booking_form_garbage\"><\/div><script type=\"text\/javascript\">\n                                jQuery(document).ready( function(){\n                                    jQuery(\".widget_wpdev_booking .booking_form.form-horizontal\").removeClass(\"form-horizontal\");\n                                    var visible_booking_id_on_page_num = visible_booking_id_on_page.length;\n                                    if (visible_booking_id_on_page_num !== null ) {\n                                        for (var i=0;i< visible_booking_id_on_page_num ;i++){\n                                          if ( visible_booking_id_on_page[i]==\"booking_form_div2\" ) {\n                                              document.getElementById(\"form_id435818717950\").innerHTML = \"<span style='color:#A00;font-size:10px;'>Warning! Booking calendar for this booking resource are already at the page, please check more about this issue at this page: https:\/\/wpbookingcalendar.com\/faq\/why-the-booking-calendar-widget-not-show-on-page\/<\/span>\";                                                                                                  \n                                              jQuery(\"#form_id435818717950\").animate( {opacity: 1}, 10000 ).fadeOut(5000);\n                                              return;\n                                          }\n                                        }\n                                        visible_booking_id_on_page[ visible_booking_id_on_page_num ]=\"booking_form_div2\";\n                                    }\n                                });\n                            <\/script> <script type='text\/javascript'> jQuery(document).ready( function(){  _wpbc.balancer__set_max_threads( 3 );  _wpbc.calendar__set_param_value( 2 , 'calendar_scroll_to' , false );  _wpbc.calendar__set_param_value( 2 , 'booking_max_monthes_in_calendar' , '1y' );  _wpbc.calendar__set_param_value( 2 , 'booking_start_day_weeek' , '1' );  _wpbc.calendar__set_param_value( 2 , 'calendar_number_of_months' , '2' );   _wpbc.calendar__set_param_value( 2, 'days_select_mode', 'multiple' );   _wpbc.calendar__set_param_value( 2, 'fixed__days_num', 0 );   _wpbc.calendar__set_param_value( 2, 'fixed__week_days__start',   [] );   _wpbc.calendar__set_param_value( 2, 'dynamic__days_min', 0 );   _wpbc.calendar__set_param_value( 2, 'dynamic__days_max', 0 );   _wpbc.calendar__set_param_value( 2, 'dynamic__days_specific',    [] );   _wpbc.calendar__set_param_value( 2, 'dynamic__week_days__start', [] );   _wpbc.calendar__set_param_value( 2, 'booking_date_format', 'j M Y' );   _wpbc.calendar__set_param_value( 2, 'booking_time_format', 'H:i' );  _wpbc.set_other_param( 'message_dates_times_unavailable', 'Las fechas y horas de este calendario ya est\u00e1n reservadas o no est\u00e1n disponibles.' );  _wpbc.set_other_param( 'message_choose_alternative_dates', 'Por favor, elige fechas y horarios alternativos o ajusta el n\u00famero de franjas reservadas.' );  _wpbc.set_other_param( 'message_cannot_save_in_one_resource', 'No es posible almacenar esta secuencia de fechas en un mismo recurso.' );   if ( 'function' === typeof ( wpbc__conditions__SAVE_INITIAL__days_selection_params__bm ) ){ wpbc__conditions__SAVE_INITIAL__days_selection_params__bm( 2 ); }   wpbc_calendar_show( '2' );   _wpbc.set_secure_param( 'nonce',   'b6b82b50ff' );   _wpbc.set_secure_param( 'user_id', '0' );   _wpbc.set_secure_param( 'locale',  'es_ES' );  wpbc_calendar__load_data__ajx( {\"resource_id\":2,\"booking_hash\":\"\",\"request_uri\":\"\\\/index.php\\\/wp-json\\\/wp\\\/v2\\\/pages\\\/775\",\"custom_form\":\"standard\",\"aggregate_resource_id_str\":\"\",\"aggregate_type\":\"all\"} );  } ); <\/script><\/div>\n<\/div>\n\n\n\n<div class=\"wp-block-column is-layout-flow wp-block-column-is-layout-flow\" style=\"flex-basis:5%\"><\/div>\n<\/div>\n","protected":false},"excerpt":{"rendered":"<p>Higuera\u2019s Home Marque sobre el calendario cada d\u00eda que desea reservar (quedar\u00e1n marcados en GRIS OSCURO) ENTRADA: De 14:00 a 23:00 (del primer d\u00eda seleccionado)SALIDA: Hasta las 12:00 (del d\u00eda posterior al \u00faltimo seleccionado)<\/p>\n","protected":false},"author":1,"featured_media":0,"parent":0,"menu_order":0,"comment_status":"closed","ping_status":"closed","template":"","meta":{"_kadence_starter_templates_imported_post":false,"_kad_post_transparent":"","_kad_post_title":"","_kad_post_layout":"","_kad_post_sidebar_id":"","_kad_post_content_style":"","_kad_post_vertical_padding":"","_kad_post_feature":"","_kad_post_feature_position":"","_kad_post_header":false,"_kad_post_footer":false,"footnotes":""},"_links":{"self":[{"href":"https:\/\/rural-ya.com\/index.php\/wp-json\/wp\/v2\/pages\/775"}],"collection":[{"href":"https:\/\/rural-ya.com\/index.php\/wp-json\/wp\/v2\/pages"}],"about":[{"href":"https:\/\/rural-ya.com\/index.php\/wp-json\/wp\/v2\/types\/page"}],"author":[{"embeddable":true,"href":"https:\/\/rural-ya.com\/index.php\/wp-json\/wp\/v2\/users\/1"}],"replies":[{"embeddable":true,"href":"https:\/\/rural-ya.com\/index.php\/wp-json\/wp\/v2\/comments?post=775"}],"version-history":[{"count":11,"href":"https:\/\/rural-ya.com\/index.php\/wp-json\/wp\/v2\/pages\/775\/revisions"}],"predecessor-version":[{"id":1303,"href":"https:\/\/rural-ya.com\/index.php\/wp-json\/wp\/v2\/pages\/775\/revisions\/1303"}],"wp:attachment":[{"href":"https:\/\/rural-ya.com\/index.php\/wp-json\/wp\/v2\/media?parent=775"}],"curies":[{"name":"wp","href":"https:\/\/api.w.org\/{rel}","templated":true}]}}